{"id":113,"date":"2015-10-22T14:34:37","date_gmt":"2015-10-22T14:34:37","guid":{"rendered":"http:\/\/test.kriesi.at\/construction\/?page_id=113"},"modified":"2024-09-24T23:36:11","modified_gmt":"2024-09-24T20:36:11","slug":"cagsan-perakende-tuketim-yuzlari","status":"publish","type":"page","link":"https:\/\/cagsangrup.com\/index.php\/service\/cagsan-perakende-tuketim-yuzlari\/","title":{"rendered":"Perakende T\u00fcketim Tuzlar\u0131"},"content":{"rendered":"<div  class='avia-slideshow av-ejrsp-63d1674a4e8ab3319bd1515c4ef07823 avia-slideshow-featured_large av_slideshow avia-fade-slider  avia-builder-el-0  el_before_av_one_full  avia-builder-el-first  av-slideshow-ui av-control-hidden av-no-slider-navigation av-hide-nav-arrows av-slideshow-autoplay av-loop-endless av-loop-manual-endless av-default-height-applied avia-slideshow-1' data-slideshow-options=\"{&quot;animation&quot;:&quot;fade&quot;,&quot;autoplay&quot;:true,&quot;loop_autoplay&quot;:&quot;endless&quot;,&quot;interval&quot;:5,&quot;loop_manual&quot;:&quot;manual-endless&quot;,&quot;autoplay_stopper&quot;:false,&quot;noNavigation&quot;:true,&quot;bg_slider&quot;:false,&quot;keep_padding&quot;:false,&quot;hoverpause&quot;:false,&quot;show_slide_delay&quot;:0}\"  itemprop=\"image\" itemscope=\"itemscope\" itemtype=\"https:\/\/schema.org\/ImageObject\" ><ul class='avia-slideshow-inner ' style='padding-bottom: 42%;'><li  class='avia-slideshow-slide av-ejrsp-63d1674a4e8ab3319bd1515c4ef07823__0  av-single-slide slide-1 slide-odd'><div data-rel='slideshow-1' class='avia-slide-wrap '   ><img decoding=\"async\" fetchpriority=\"high\" class=\"wp-image-502 avia-img-lazy-loading-not-502\"  src=\"https:\/\/cagsangrup.com\/wp-content\/uploads\/2015\/10\/sofralik-tuz-1500x630-1.jpg\" width=\"1500\" height=\"630\" title='sofralik-tuz-1500x630' alt=''  itemprop=\"thumbnailUrl\" srcset=\"https:\/\/cagsangrup.com\/wp-content\/uploads\/2015\/10\/sofralik-tuz-1500x630-1.jpg 1500w, https:\/\/cagsangrup.com\/wp-content\/uploads\/2015\/10\/sofralik-tuz-1500x630-1-300x126.jpg 300w, https:\/\/cagsangrup.com\/wp-content\/uploads\/2015\/10\/sofralik-tuz-1500x630-1-1030x433.jpg 1030w, https:\/\/cagsangrup.com\/wp-content\/uploads\/2015\/10\/sofralik-tuz-1500x630-1-768x323.jpg 768w, https:\/\/cagsangrup.com\/wp-content\/uploads\/2015\/10\/sofralik-tuz-1500x630-1-705x296.jpg 705w\" sizes=\"(max-width: 1500px) 100vw, 1500px\" \/><\/div><\/li><\/ul><\/div>\n\n<style type=\"text\/css\" data-created_by=\"avia_inline_auto\" id=\"style-css-av-3cbj9t-94d033e7685e8483156863555aa22eb6\">\n#top .flex_column.av-3cbj9t-94d033e7685e8483156863555aa22eb6{\nmargin-top:0px;\nmargin-bottom:0px;\n}\n.flex_column.av-3cbj9t-94d033e7685e8483156863555aa22eb6{\nborder-radius:0px 0px 0px 0px;\npadding:0px 0px 0px 0px;\n}\n.responsive #top #wrap_all .flex_column.av-3cbj9t-94d033e7685e8483156863555aa22eb6{\nmargin-top:0px;\nmargin-bottom:0px;\n}\n<\/style>\n<div  class='flex_column av-3cbj9t-94d033e7685e8483156863555aa22eb6 av_one_full  avia-builder-el-1  el_after_av_slideshow  el_before_av_one_half  first flex_column_div av-animated-generic bottom-to-top av-zero-column-padding  '     ><p>\n<style type=\"text\/css\" data-created_by=\"avia_inline_auto\" id=\"style-css-av-36kvgh-aa0342d1bda98b94d1826811b5f9bcbd\">\n#top .av-special-heading.av-36kvgh-aa0342d1bda98b94d1826811b5f9bcbd{\npadding-bottom:0;\n}\nbody .av-special-heading.av-36kvgh-aa0342d1bda98b94d1826811b5f9bcbd .av-special-heading-tag .heading-char{\nfont-size:25px;\n}\n.av-special-heading.av-36kvgh-aa0342d1bda98b94d1826811b5f9bcbd .av-subheading{\nfont-size:15px;\n}\n<\/style>\n<div  class='av-special-heading av-36kvgh-aa0342d1bda98b94d1826811b5f9bcbd av-special-heading-h2 blockquote modern-quote  avia-builder-el-2  el_before_av_hr  avia-builder-el-first '><h2 class='av-special-heading-tag '  itemprop=\"headline\"  >Perakende T\u00fcketim Tuzlar\u0131<\/h2><div class=\"special-heading-border\"><div class=\"special-heading-inner-border\"><\/div><\/div><\/div><br \/>\n\n<style type=\"text\/css\" data-created_by=\"avia_inline_auto\" id=\"style-css-av-34b96p-ae17245455a4b14e9a384adbedb93294\">\n#top .hr.av-34b96p-ae17245455a4b14e9a384adbedb93294{\nmargin-top:10px;\nmargin-bottom:10px;\n}\n.hr.av-34b96p-ae17245455a4b14e9a384adbedb93294 .hr-inner{\nwidth:50px;\nborder-color:#b02b2c;\n}\n<\/style>\n<div  class='hr av-34b96p-ae17245455a4b14e9a384adbedb93294 hr-custom  avia-builder-el-3  el_after_av_heading  avia-builder-el-last  hr-left hr-icon-no'><span class='hr-inner inner-border-av-border-fat'><span class=\"hr-inner-style\"><\/span><\/span><\/div><\/p><\/div>\n<style type=\"text\/css\" data-created_by=\"avia_inline_auto\" id=\"style-css-av-2vn4ax-7877e63ab0f8b639b6a8cb00c5dd0fd8\">\n#top .flex_column.av-2vn4ax-7877e63ab0f8b639b6a8cb00c5dd0fd8{\nmargin-top:0px;\nmargin-bottom:0px;\n}\n.flex_column.av-2vn4ax-7877e63ab0f8b639b6a8cb00c5dd0fd8{\nborder-radius:0px 0px 0px 0px;\npadding:0px 0px 0px 0px;\n}\n.responsive #top #wrap_all .flex_column.av-2vn4ax-7877e63ab0f8b639b6a8cb00c5dd0fd8{\nmargin-top:0px;\nmargin-bottom:0px;\n}\n<\/style>\n<div  class='flex_column av-2vn4ax-7877e63ab0f8b639b6a8cb00c5dd0fd8 av_one_half  avia-builder-el-4  el_after_av_one_full  el_before_av_one_half  first flex_column_div av-animated-generic bottom-to-top av-zero-column-padding  column-top-margin'     ><section  class='av_textblock_section av-2qf7n5-9fdaad3015769c8d1de9fc46977389a9 '   itemscope=\"itemscope\" itemtype=\"https:\/\/schema.org\/CreativeWork\" ><div class='avia_textblock'  itemprop=\"text\" ><p>Do\u011fal Kaya Tuzu, evlerde kullan\u0131lan \u00f6\u011f\u00fct\u00fclm\u00fc\u015f ya da sofrada \u00f6\u011f\u00fctme olan iri taneli tuzlar, \u00c7a\u011fsan markalar\u0131 ile her eve misafir olur. Yerli do\u011fal kaya tuzlar\u0131n\u0131n yan\u0131 s\u0131ra ithal himalaya tuzlar\u0131da \u00fcr\u00fcn gruplar\u0131m\u0131zdad\u0131r.<\/p>\n<\/div><\/section><\/div>\n<style type=\"text\/css\" data-created_by=\"avia_inline_auto\" id=\"style-css-av-2jxzt5-8ef39749907f0d177ca02d019872dcdd\">\n#top .flex_column.av-2jxzt5-8ef39749907f0d177ca02d019872dcdd{\nmargin-top:0px;\nmargin-bottom:0px;\n}\n.flex_column.av-2jxzt5-8ef39749907f0d177ca02d019872dcdd{\nborder-radius:0px 0px 0px 0px;\npadding:0px 0px 0px 0px;\n}\n.responsive #top #wrap_all .flex_column.av-2jxzt5-8ef39749907f0d177ca02d019872dcdd{\nmargin-top:0px;\nmargin-bottom:0px;\n}\n<\/style>\n<div  class='flex_column av-2jxzt5-8ef39749907f0d177ca02d019872dcdd av_one_half  avia-builder-el-6  el_after_av_one_half  el_before_av_one_half  flex_column_div av-animated-generic bottom-to-top av-zero-column-padding  column-top-margin'     ><section  class='av_textblock_section av-2emz9l-d111af980a657fb4ff607fbacec4b00b '   itemscope=\"itemscope\" itemtype=\"https:\/\/schema.org\/CreativeWork\" ><div class='avia_textblock'  itemprop=\"text\" ><p>Zincir marketler, b\u00f6lgesel sat\u0131\u015f yerleri, do\u011fal sat\u0131\u015f d\u00fckkanlar\u0131, aktarlar gibi bir \u00e7ok ma\u011faza da sat\u0131\u015fta olan \u00fcr\u00fcnlerimiz vard\u0131r. Sofral\u0131k \u00f6\u011f\u00fct\u00fclm\u00fc\u015f ya da sofrada \u00f6\u011f\u00fctme olan iri taneli tuzlar\u0131m\u0131z yerli \u00fcretim yada ithal olarak i\u015flenmektedir.<\/p>\n<\/div><\/section><\/div>\n<style type=\"text\/css\" data-created_by=\"avia_inline_auto\" id=\"style-css-av-1dyxnt-1df38234f3716d6dcd2e9927d649d62b\">\n.flex_column.av-1dyxnt-1df38234f3716d6dcd2e9927d649d62b{\nborder-radius:0px 0px 0px 0px;\npadding:0px 0px 0px 0px;\n}\n<\/style>\n<div  class='flex_column av-1dyxnt-1df38234f3716d6dcd2e9927d649d62b av_one_half  avia-builder-el-8  el_after_av_one_half  el_before_av_one_half  first flex_column_div av-animated-generic bottom-to-top av-zero-column-padding  column-top-margin'     ><style type=\"text\/css\" data-created_by=\"avia_inline_auto\" id=\"style-css-av-nkx1l-dd3cf95664a01639865cc01cc94e3dd7\">\n.avia-image-container.av-nkx1l-dd3cf95664a01639865cc01cc94e3dd7 img.avia_image{\nbox-shadow:none;\n}\n.avia-image-container.av-nkx1l-dd3cf95664a01639865cc01cc94e3dd7 .av-image-caption-overlay-center{\ncolor:#ffffff;\n}\n<\/style>\n<div  class='avia-image-container av-nkx1l-dd3cf95664a01639865cc01cc94e3dd7 av-styling-no-styling avia-align-center  avia-builder-el-9  avia-builder-el-no-sibling '   itemprop=\"image\" itemscope=\"itemscope\" itemtype=\"https:\/\/schema.org\/ImageObject\" ><div class=\"avia-image-container-inner\"><div class=\"avia-image-overlay-wrap\"><img decoding=\"async\" fetchpriority=\"high\" class='wp-image-523 avia-img-lazy-loading-not-523 avia_image ' src=\"https:\/\/cagsangrup.com\/wp-content\/uploads\/2024\/09\/kaya-tuzunun-faydalari-nelerdir-b3cc2e2f-5b81-4a0b-918a-2aeb41c6b410.jpeg\" alt='' title='kaya-tuzunun-faydalari-nelerdir-b3cc2e2f-5b81-4a0b-918a-2aeb41c6b410'  height=\"600\" width=\"800\"  itemprop=\"thumbnailUrl\" srcset=\"https:\/\/cagsangrup.com\/wp-content\/uploads\/2024\/09\/kaya-tuzunun-faydalari-nelerdir-b3cc2e2f-5b81-4a0b-918a-2aeb41c6b410.jpeg 800w, https:\/\/cagsangrup.com\/wp-content\/uploads\/2024\/09\/kaya-tuzunun-faydalari-nelerdir-b3cc2e2f-5b81-4a0b-918a-2aeb41c6b410-300x225.jpeg 300w, https:\/\/cagsangrup.com\/wp-content\/uploads\/2024\/09\/kaya-tuzunun-faydalari-nelerdir-b3cc2e2f-5b81-4a0b-918a-2aeb41c6b410-768x576.jpeg 768w, https:\/\/cagsangrup.com\/wp-content\/uploads\/2024\/09\/kaya-tuzunun-faydalari-nelerdir-b3cc2e2f-5b81-4a0b-918a-2aeb41c6b410-705x529.jpeg 705w\" sizes=\"(max-width: 800px) 100vw, 800px\" \/><\/div><\/div><\/div><\/div>\n<style type=\"text\/css\" data-created_by=\"avia_inline_auto\" id=\"style-css-av-ozbux-bfed636f641de096f752a97c84736e2d\">\n.flex_column.av-ozbux-bfed636f641de096f752a97c84736e2d{\nborder-radius:0px 0px 0px 0px;\npadding:0px 0px 0px 0px;\n}\n<\/style>\n<div  class='flex_column av-ozbux-bfed636f641de096f752a97c84736e2d av_one_half  avia-builder-el-10  el_after_av_one_half  avia-builder-el-last  flex_column_div av-animated-generic bottom-to-top av-zero-column-padding  column-top-margin'     ><p>\n<style type=\"text\/css\" data-created_by=\"avia_inline_auto\" id=\"style-css-av-1b7trd-a18d6fbd357b95edc0ea0b7fc6e209cc\">\n#top .av-special-heading.av-1b7trd-a18d6fbd357b95edc0ea0b7fc6e209cc{\npadding-bottom:0;\n}\nbody .av-special-heading.av-1b7trd-a18d6fbd357b95edc0ea0b7fc6e209cc .av-special-heading-tag .heading-char{\nfont-size:25px;\n}\n.av-special-heading.av-1b7trd-a18d6fbd357b95edc0ea0b7fc6e209cc .av-subheading{\nfont-size:15px;\n}\n<\/style>\n<div  class='av-special-heading av-1b7trd-a18d6fbd357b95edc0ea0b7fc6e209cc av-special-heading-h2 blockquote modern-quote  avia-builder-el-11  el_before_av_hr  avia-builder-el-first '><h2 class='av-special-heading-tag '  itemprop=\"headline\"  >Do\u011fal Kaya Tuzu<\/h2><div class=\"special-heading-border\"><div class=\"special-heading-inner-border\"><\/div><\/div><\/div><br \/>\n\n<style type=\"text\/css\" data-created_by=\"avia_inline_auto\" id=\"style-css-av-42y7l-f661124b43bf5d80c95b1c4acbbac30c\">\n#top .hr.av-42y7l-f661124b43bf5d80c95b1c4acbbac30c{\nmargin-top:10px;\nmargin-bottom:10px;\n}\n.hr.av-42y7l-f661124b43bf5d80c95b1c4acbbac30c .hr-inner{\nwidth:50px;\nborder-color:#b02b2c;\n}\n<\/style>\n<div  class='hr av-42y7l-f661124b43bf5d80c95b1c4acbbac30c hr-custom  avia-builder-el-12  el_after_av_heading  el_before_av_textblock  hr-left hr-icon-no'><span class='hr-inner inner-border-av-border-fat'><span class=\"hr-inner-style\"><\/span><\/span><\/div><br \/>\n<section  class='av_textblock_section av-wv4oh-b217a23aadd039674892909cfab38482 '   itemscope=\"itemscope\" itemtype=\"https:\/\/schema.org\/CreativeWork\" ><div class='avia_textblock'  itemprop=\"text\" ><p>\u0130nce \u00f6\u011f\u00fct\u00fclm\u00fc\u015f ya da iri tanel\u015fi sofrada \u00f6\u011f\u00fctme kaya tuzl\u015far\u0131d\u0131r. T\u00fcrkiye&#8217;nin baz\u0131 b\u00f6lgelerinde tuz madenlerinden \u00e7\u0131kart\u0131l\u0131r ve \u00c7A\u00c7\u011eSAN paketleme tesislerinde paketlenmektedir.<\/p>\n<p>Himalaya Kaya Tuzu ise ithal \u00fcr\u00fcnd\u00fcr.<\/p>\n<p>Perakende t\u00fcketim i\u00e7in \u00f6zenle paketlenen ve geleneksel y\u00f6ntemlerle \u00fcretilen tuzlar\u0131m\u0131z, modern \u00fcretim tesislerimizde paketlenmektedir.<\/p>\n<p>Bu alanda t\u00fcm kalite ve sa\u011fl\u0131k belgelerimiz ile \u00fcretim izinlerimiz bulunmaktad\u0131r.<\/p>\n<\/div><\/section><\/p><\/div><\/p>\n","protected":false},"excerpt":{"rendered":"","protected":false},"author":1,"featured_media":83,"parent":25,"menu_order":0,"comment_status":"closed","ping_status":"closed","template":"","meta":{"footnotes":""},"class_list":["post-113","page","type-page","status-publish","has-post-thumbnail","hentry"],"_links":{"self":[{"href":"https:\/\/cagsangrup.com\/index.php\/wp-json\/wp\/v2\/pages\/113","targetHints":{"allow":["GET"]}}],"collection":[{"href":"https:\/\/cagsangrup.com\/index.php\/wp-json\/wp\/v2\/pages"}],"about":[{"href":"https:\/\/cagsangrup.com\/index.php\/wp-json\/wp\/v2\/types\/page"}],"author":[{"embeddable":true,"href":"https:\/\/cagsangrup.com\/index.php\/wp-json\/wp\/v2\/users\/1"}],"replies":[{"embeddable":true,"href":"https:\/\/cagsangrup.com\/index.php\/wp-json\/wp\/v2\/comments?post=113"}],"version-history":[{"count":5,"href":"https:\/\/cagsangrup.com\/index.php\/wp-json\/wp\/v2\/pages\/113\/revisions"}],"predecessor-version":[{"id":527,"href":"https:\/\/cagsangrup.com\/index.php\/wp-json\/wp\/v2\/pages\/113\/revisions\/527"}],"up":[{"embeddable":true,"href":"https:\/\/cagsangrup.com\/index.php\/wp-json\/wp\/v2\/pages\/25"}],"wp:featuredmedia":[{"embeddable":true,"href":"https:\/\/cagsangrup.com\/index.php\/wp-json\/wp\/v2\/media\/83"}],"wp:attachment":[{"href":"https:\/\/cagsangrup.com\/index.php\/wp-json\/wp\/v2\/media?parent=113"}],"curies":[{"name":"wp","href":"https:\/\/api.w.org\/{rel}","templated":true}]}}