{"id":135,"date":"2015-10-22T15:31:25","date_gmt":"2015-10-22T15:31:25","guid":{"rendered":"http:\/\/test.kriesi.at\/construction\/?page_id=135"},"modified":"2024-09-24T23:47:03","modified_gmt":"2024-09-24T20:47:03","slug":"cagsan-toptan-tedarik-zincirleri-tuz","status":"publish","type":"page","link":"https:\/\/cagsangrup.com\/index.php\/service\/cagsan-toptan-tedarik-zincirleri-tuz\/","title":{"rendered":"Toptan Tedarik Zincirleri"},"content":{"rendered":"<div  class='avia-slideshow av-422vjr-267d68840f9c7ecb2379f5de6b3aa18f avia-slideshow-featured_large av_slideshow avia-fade-slider  avia-builder-el-0  el_before_av_one_full  avia-builder-el-first  av-slideshow-ui av-control-hidden av-no-slider-navigation av-hide-nav-arrows av-slideshow-autoplay av-loop-endless av-loop-manual-endless av-default-height-applied avia-slideshow-1' data-slideshow-options=\"{&quot;animation&quot;:&quot;fade&quot;,&quot;autoplay&quot;:true,&quot;loop_autoplay&quot;:&quot;endless&quot;,&quot;interval&quot;:5,&quot;loop_manual&quot;:&quot;manual-endless&quot;,&quot;autoplay_stopper&quot;:false,&quot;noNavigation&quot;:true,&quot;bg_slider&quot;:false,&quot;keep_padding&quot;:false,&quot;hoverpause&quot;:false,&quot;show_slide_delay&quot;:0}\"  itemprop=\"image\" itemscope=\"itemscope\" itemtype=\"https:\/\/schema.org\/ImageObject\" ><ul class='avia-slideshow-inner ' style='padding-bottom: 42%;'><li  class='avia-slideshow-slide av-422vjr-267d68840f9c7ecb2379f5de6b3aa18f__0  av-single-slide slide-1 slide-odd'><div data-rel='slideshow-1' class='avia-slide-wrap '   ><img decoding=\"async\" fetchpriority=\"high\" class=\"wp-image-307 avia-img-lazy-loading-not-307\"  src=\"https:\/\/cagsangrup.com\/wp-content\/uploads\/2024\/09\/cagsan-dogal-kaya-tuzu-zincir-gida-tedarigi-min.png\" width=\"1500\" height=\"630\" title='cagsan-dogal-kaya-tuzu-zincir-gida-tedarigi-min' alt=''  itemprop=\"thumbnailUrl\" srcset=\"https:\/\/cagsangrup.com\/wp-content\/uploads\/2024\/09\/cagsan-dogal-kaya-tuzu-zincir-gida-tedarigi-min.png 1501w, https:\/\/cagsangrup.com\/wp-content\/uploads\/2024\/09\/cagsan-dogal-kaya-tuzu-zincir-gida-tedarigi-min-300x126.png 300w, https:\/\/cagsangrup.com\/wp-content\/uploads\/2024\/09\/cagsan-dogal-kaya-tuzu-zincir-gida-tedarigi-min-1030x433.png 1030w, https:\/\/cagsangrup.com\/wp-content\/uploads\/2024\/09\/cagsan-dogal-kaya-tuzu-zincir-gida-tedarigi-min-768x323.png 768w, https:\/\/cagsangrup.com\/wp-content\/uploads\/2024\/09\/cagsan-dogal-kaya-tuzu-zincir-gida-tedarigi-min-705x296.png 705w\" sizes=\"(max-width: 1500px) 100vw, 1500px\" \/><\/div><\/li><\/ul><\/div>\n\n<style type=\"text\/css\" data-created_by=\"avia_inline_auto\" id=\"style-css-av-3dso3j-860dedf14ccad16a5d19b38d6db67fb0\">\n#top .flex_column.av-3dso3j-860dedf14ccad16a5d19b38d6db67fb0{\nmargin-top:0px;\nmargin-bottom:0px;\n}\n.flex_column.av-3dso3j-860dedf14ccad16a5d19b38d6db67fb0{\nborder-radius:0px 0px 0px 0px;\npadding:0px 0px 0px 0px;\n}\n.responsive #top #wrap_all .flex_column.av-3dso3j-860dedf14ccad16a5d19b38d6db67fb0{\nmargin-top:0px;\nmargin-bottom:0px;\n}\n<\/style>\n<div  class='flex_column av-3dso3j-860dedf14ccad16a5d19b38d6db67fb0 av_one_full  avia-builder-el-1  el_after_av_slideshow  el_before_av_one_half  first flex_column_div av-animated-generic bottom-to-top av-zero-column-padding  '     ><p>\n<style type=\"text\/css\" data-created_by=\"avia_inline_auto\" id=\"style-css-av-370087-c16740951daad0fa86750f598d705228\">\n#top .av-special-heading.av-370087-c16740951daad0fa86750f598d705228{\npadding-bottom:0;\n}\nbody .av-special-heading.av-370087-c16740951daad0fa86750f598d705228 .av-special-heading-tag .heading-char{\nfont-size:25px;\n}\n.av-special-heading.av-370087-c16740951daad0fa86750f598d705228 .av-subheading{\nfont-size:15px;\n}\n<\/style>\n<div  class='av-special-heading av-370087-c16740951daad0fa86750f598d705228 av-special-heading-h2 blockquote modern-quote  avia-builder-el-2  el_before_av_hr  avia-builder-el-first '><h2 class='av-special-heading-tag '  itemprop=\"headline\"  >Toptan Tedarik Zincirleri<\/h2><div class=\"special-heading-border\"><div class=\"special-heading-inner-border\"><\/div><\/div><\/div><br \/>\n\n<style type=\"text\/css\" data-created_by=\"avia_inline_auto\" id=\"style-css-av-b4zaf-786367574028925caf9800ce5ca1b8c2\">\n#top .hr.av-b4zaf-786367574028925caf9800ce5ca1b8c2{\nmargin-top:10px;\nmargin-bottom:10px;\n}\n.hr.av-b4zaf-786367574028925caf9800ce5ca1b8c2 .hr-inner{\nwidth:50px;\nborder-color:#b02b2c;\n}\n<\/style>\n<div  class='hr av-b4zaf-786367574028925caf9800ce5ca1b8c2 hr-custom  avia-builder-el-3  el_after_av_heading  avia-builder-el-last  hr-left hr-icon-no'><span class='hr-inner inner-border-av-border-fat'><span class=\"hr-inner-style\"><\/span><\/span><\/div><\/p><\/div>\n<style type=\"text\/css\" data-created_by=\"avia_inline_auto\" id=\"style-css-av-2vr6xb-722b67c91a3caa56f6fcace1e0b2cab8\">\n#top .flex_column.av-2vr6xb-722b67c91a3caa56f6fcace1e0b2cab8{\nmargin-top:0px;\nmargin-bottom:0px;\n}\n.flex_column.av-2vr6xb-722b67c91a3caa56f6fcace1e0b2cab8{\nborder-radius:0px 0px 0px 0px;\npadding:0px 0px 0px 0px;\n}\n.responsive #top #wrap_all .flex_column.av-2vr6xb-722b67c91a3caa56f6fcace1e0b2cab8{\nmargin-top:0px;\nmargin-bottom:0px;\n}\n<\/style>\n<div  class='flex_column av-2vr6xb-722b67c91a3caa56f6fcace1e0b2cab8 av_one_half  avia-builder-el-4  el_after_av_one_full  el_before_av_one_half  first flex_column_div av-animated-generic bottom-to-top av-zero-column-padding  column-top-margin'     ><section  class='av_textblock_section av-2qm8qv-54be8443d0782d68ab3c5808f674ecd6 '   itemscope=\"itemscope\" itemtype=\"https:\/\/schema.org\/CreativeWork\" ><div class='avia_textblock'  itemprop=\"text\" ><p>Yurti\u00e7i ve yurtd\u0131\u015f\u0131nda bulunan bir \u00e7ok restoran\u0131n, toptan tuz sa\u011flay\u0131c\u0131s\u0131 olan \u00c7a\u011fsan Grup, restoran\u0131n\u0131zda m\u00fc\u015fterilerinize servis etti\u011finiz t\u00fcm \u00fcr\u00fcnlerin tad\u0131, tuzu olur.<\/p>\n<\/div><\/section><\/div>\n<style type=\"text\/css\" data-created_by=\"avia_inline_auto\" id=\"style-css-av-2igio7-89b059871f6d418ed4894f8e4eaf5541\">\n#top .flex_column.av-2igio7-89b059871f6d418ed4894f8e4eaf5541{\nmargin-top:0px;\nmargin-bottom:0px;\n}\n.flex_column.av-2igio7-89b059871f6d418ed4894f8e4eaf5541{\nborder-radius:0px 0px 0px 0px;\npadding:0px 0px 0px 0px;\n}\n.responsive #top #wrap_all .flex_column.av-2igio7-89b059871f6d418ed4894f8e4eaf5541{\nmargin-top:0px;\nmargin-bottom:0px;\n}\n<\/style>\n<div  class='flex_column av-2igio7-89b059871f6d418ed4894f8e4eaf5541 av_one_half  avia-builder-el-6  el_after_av_one_half  el_before_av_one_half  flex_column_div av-animated-generic bottom-to-top av-zero-column-padding  column-top-margin'     ><section  class='av_textblock_section av-8hvof-747d183412a1df17eabfb43c42a69b20 '   itemscope=\"itemscope\" itemtype=\"https:\/\/schema.org\/CreativeWork\" ><div class='avia_textblock'  itemprop=\"text\" ><p>Toptan yemek \u00fcretim tesisleri, restoranlar\u0131n mutfaklar\u0131nda kullan\u0131lan tuzlar ile masalarda restoran m\u00fc\u015fterilerinin kulland\u0131\u011f\u0131 tuzlara kadar tedari\u011fimiz uzanmaktad\u0131r. Her a\u015famada lezzet ve sa\u011fl\u0131k dengesini kurdu\u011fumuz do\u011fal kaya tuzlar\u0131 ile buraday\u0131z.<\/p>\n<\/div><\/section><\/div>\n<style type=\"text\/css\" data-created_by=\"avia_inline_auto\" id=\"style-css-av-1g7iwv-00c4bbfd2b119000532bc070981297c3\">\n.flex_column.av-1g7iwv-00c4bbfd2b119000532bc070981297c3{\nborder-radius:0px 0px 0px 0px;\npadding:0px 0px 0px 0px;\n}\n<\/style>\n<div  class='flex_column av-1g7iwv-00c4bbfd2b119000532bc070981297c3 av_one_half  avia-builder-el-8  el_after_av_one_half  el_before_av_one_half  first flex_column_div av-animated-generic bottom-to-top av-zero-column-padding  column-top-margin'     ><p>\n<style type=\"text\/css\" data-created_by=\"avia_inline_auto\" id=\"style-css-av-19ad07-ae5820c8b253c0c95039ce1b55c80300\">\n#top .av-special-heading.av-19ad07-ae5820c8b253c0c95039ce1b55c80300{\npadding-bottom:0;\n}\nbody .av-special-heading.av-19ad07-ae5820c8b253c0c95039ce1b55c80300 .av-special-heading-tag .heading-char{\nfont-size:25px;\n}\n.av-special-heading.av-19ad07-ae5820c8b253c0c95039ce1b55c80300 .av-subheading{\nfont-size:15px;\n}\n<\/style>\n<div  class='av-special-heading av-19ad07-ae5820c8b253c0c95039ce1b55c80300 av-special-heading-h2 blockquote modern-quote  avia-builder-el-9  el_before_av_hr  avia-builder-el-first '><h2 class='av-special-heading-tag '  itemprop=\"headline\"  >Kimler Kullan\u0131yor?<\/h2><div class=\"special-heading-border\"><div class=\"special-heading-inner-border\"><\/div><\/div><\/div><br \/>\n\n<style type=\"text\/css\" data-created_by=\"avia_inline_auto\" id=\"style-css-av-40c3b-11499675a95f2e75fc8909be9e40cd4d\">\n#top .hr.av-40c3b-11499675a95f2e75fc8909be9e40cd4d{\nmargin-top:10px;\nmargin-bottom:10px;\n}\n.hr.av-40c3b-11499675a95f2e75fc8909be9e40cd4d .hr-inner{\nwidth:50px;\nborder-color:#b02b2c;\n}\n<\/style>\n<div  class='hr av-40c3b-11499675a95f2e75fc8909be9e40cd4d hr-custom  avia-builder-el-10  el_after_av_heading  el_before_av_textblock  hr-left hr-icon-no'><span class='hr-inner inner-border-av-border-fat'><span class=\"hr-inner-style\"><\/span><\/span><\/div><br \/>\n<section  class='av_textblock_section av-xi7pr-dc7faddc152ed8cf8301e7ebc3707f8e '   itemscope=\"itemscope\" itemtype=\"https:\/\/schema.org\/CreativeWork\" ><div class='avia_textblock'  itemprop=\"text\" ><p>Profesyonel Mutfaklar,<\/p>\n<p>Oteller,<\/p>\n<p>Restoranlar,<\/p>\n<p>Catering Firmalar\u0131,<\/p>\n<p>Kafeler<\/p>\n<\/div><\/section><\/p><\/div>\n<style type=\"text\/css\" data-created_by=\"avia_inline_auto\" id=\"style-css-av-rc5vz-7752282e59934db98ddf82a4bd5b5f5d\">\n.flex_column.av-rc5vz-7752282e59934db98ddf82a4bd5b5f5d{\nborder-radius:0px 0px 0px 0px;\npadding:0px 0px 0px 0px;\n}\n<\/style>\n<div  class='flex_column av-rc5vz-7752282e59934db98ddf82a4bd5b5f5d av_one_half  avia-builder-el-12  el_after_av_one_half  el_before_av_one_full  flex_column_div av-animated-generic bottom-to-top av-zero-column-padding  column-top-margin'     ><style type=\"text\/css\" data-created_by=\"avia_inline_auto\" id=\"style-css-av-lf3d3-df2ae4ee188502f7f6da63ce5196c932\">\n.avia-image-container.av-lf3d3-df2ae4ee188502f7f6da63ce5196c932 img.avia_image{\nbox-shadow:none;\n}\n.avia-image-container.av-lf3d3-df2ae4ee188502f7f6da63ce5196c932 .av-image-caption-overlay-center{\ncolor:#ffffff;\n}\n<\/style>\n<div  class='avia-image-container av-lf3d3-df2ae4ee188502f7f6da63ce5196c932 av-styling-no-styling avia-align-center  avia-builder-el-13  avia-builder-el-no-sibling '   itemprop=\"image\" itemscope=\"itemscope\" itemtype=\"https:\/\/schema.org\/ImageObject\" ><div class=\"avia-image-container-inner\"><div class=\"avia-image-overlay-wrap\"><img decoding=\"async\" fetchpriority=\"high\" class='wp-image-531 avia-img-lazy-loading-not-531 avia_image ' src=\"https:\/\/cagsangrup.com\/wp-content\/uploads\/2024\/09\/restoran-dekorasyonu-nasil-olmali.jpg\" alt='' title='restoran-dekorasyonu-nasil-olmali'  height=\"600\" width=\"800\"  itemprop=\"thumbnailUrl\" srcset=\"https:\/\/cagsangrup.com\/wp-content\/uploads\/2024\/09\/restoran-dekorasyonu-nasil-olmali.jpg 800w, https:\/\/cagsangrup.com\/wp-content\/uploads\/2024\/09\/restoran-dekorasyonu-nasil-olmali-300x225.jpg 300w, https:\/\/cagsangrup.com\/wp-content\/uploads\/2024\/09\/restoran-dekorasyonu-nasil-olmali-768x576.jpg 768w, https:\/\/cagsangrup.com\/wp-content\/uploads\/2024\/09\/restoran-dekorasyonu-nasil-olmali-705x529.jpg 705w\" sizes=\"(max-width: 800px) 100vw, 800px\" \/><\/div><\/div><\/div><\/div>\n<style type=\"text\/css\" data-created_by=\"avia_inline_auto\" id=\"style-css-av-h2ud3-c86afded10c2fc8c6ff9deea0858907b\">\n.flex_column.av-h2ud3-c86afded10c2fc8c6ff9deea0858907b{\nborder-width:1px;\nborder-color:#e1e1e1;\nborder-style:solid;\nborder-radius:0px 0px 0px 0px;\npadding:20px 20px 20px 20px;\nbackground-color:#fcfcfc;\n}\n<\/style>\n<div  class='flex_column av-h2ud3-c86afded10c2fc8c6ff9deea0858907b av_one_full  avia-builder-el-14  el_after_av_one_half  avia-builder-el-last  first flex_column_div av-animated-generic bottom-to-top  column-top-margin'     ><section  class='av_textblock_section av-9qxlb-6dea349115d57005422cca9c722ddb07 '   itemscope=\"itemscope\" itemtype=\"https:\/\/schema.org\/CreativeWork\" ><div class='avia_textblock'  itemprop=\"text\" ><p>Markan\u0131za \u00f6zel paketlenmi\u015f ve ihtiyac\u0131n\u0131z do\u011frultusunda \u00f6zel \u00fcretimle yan\u0131n\u0131zday\u0131z.<\/p>\n<\/div><\/section><\/div><\/p>\n","protected":false},"excerpt":{"rendered":"","protected":false},"author":1,"featured_media":0,"parent":25,"menu_order":0,"comment_status":"closed","ping_status":"closed","template":"","meta":{"footnotes":""},"class_list":["post-135","page","type-page","status-publish","hentry"],"_links":{"self":[{"href":"https:\/\/cagsangrup.com\/index.php\/wp-json\/wp\/v2\/pages\/135","targetHints":{"allow":["GET"]}}],"collection":[{"href":"https:\/\/cagsangrup.com\/index.php\/wp-json\/wp\/v2\/pages"}],"about":[{"href":"https:\/\/cagsangrup.com\/index.php\/wp-json\/wp\/v2\/types\/page"}],"author":[{"embeddable":true,"href":"https:\/\/cagsangrup.com\/index.php\/wp-json\/wp\/v2\/users\/1"}],"replies":[{"embeddable":true,"href":"https:\/\/cagsangrup.com\/index.php\/wp-json\/wp\/v2\/comments?post=135"}],"version-history":[{"count":4,"href":"https:\/\/cagsangrup.com\/index.php\/wp-json\/wp\/v2\/pages\/135\/revisions"}],"predecessor-version":[{"id":533,"href":"https:\/\/cagsangrup.com\/index.php\/wp-json\/wp\/v2\/pages\/135\/revisions\/533"}],"up":[{"embeddable":true,"href":"https:\/\/cagsangrup.com\/index.php\/wp-json\/wp\/v2\/pages\/25"}],"wp:attachment":[{"href":"https:\/\/cagsangrup.com\/index.php\/wp-json\/wp\/v2\/media?parent=135"}],"curies":[{"name":"wp","href":"https:\/\/api.w.org\/{rel}","templated":true}]}}