{"id":23,"date":"2015-10-15T15:32:40","date_gmt":"2015-10-15T15:32:40","guid":{"rendered":"http:\/\/wpoffice\/construction\/?page_id=23"},"modified":"2024-09-23T03:41:08","modified_gmt":"2024-09-23T00:41:08","slug":"cagsan-iletisim-adres","status":"publish","type":"page","link":"https:\/\/cagsangrup.com\/index.php\/cagsan-iletisim-adres\/","title":{"rendered":"\u0130leti\u015fim"},"content":{"rendered":"\n<style type=\"text\/css\" data-created_by=\"avia_inline_auto\" id=\"style-css-av-9alp3-80f52be1d16713768554e89a0b39f456\">\n.flex_column.av-9alp3-80f52be1d16713768554e89a0b39f456{\nborder-radius:0px 0px 0px 0px;\npadding:0px 0px 0px 0px;\n}\n<\/style>\n<div  class='flex_column av-9alp3-80f52be1d16713768554e89a0b39f456 av_two_third  avia-builder-el-0  el_before_av_one_third  avia-builder-el-first  first flex_column_div av-animated-generic bottom-to-top av-zero-column-padding  '     ><p>\n<style type=\"text\/css\" data-created_by=\"avia_inline_auto\" id=\"style-css-av-8lynr-105c0650693aa028a1ad8dff0927f9ff\">\n#top .av-special-heading.av-8lynr-105c0650693aa028a1ad8dff0927f9ff{\npadding-bottom:0;\n}\nbody .av-special-heading.av-8lynr-105c0650693aa028a1ad8dff0927f9ff .av-special-heading-tag .heading-char{\nfont-size:25px;\n}\n.av-special-heading.av-8lynr-105c0650693aa028a1ad8dff0927f9ff .av-subheading{\nfont-size:15px;\n}\n<\/style>\n<div  class='av-special-heading av-8lynr-105c0650693aa028a1ad8dff0927f9ff av-special-heading-h3 blockquote modern-quote  avia-builder-el-1  el_before_av_hr  avia-builder-el-first '><h3 class='av-special-heading-tag '  itemprop=\"headline\"  >Bize Yaz\u0131n<\/h3><div class=\"special-heading-border\"><div class=\"special-heading-inner-border\"><\/div><\/div><\/div><br \/>\n\n<style type=\"text\/css\" data-created_by=\"avia_inline_auto\" id=\"style-css-av-84z0b-ae2b4d5043a740e93dfcbc722ecc8d9d\">\n#top .hr.av-84z0b-ae2b4d5043a740e93dfcbc722ecc8d9d{\nmargin-top:10px;\nmargin-bottom:10px;\n}\n.hr.av-84z0b-ae2b4d5043a740e93dfcbc722ecc8d9d .hr-inner{\nwidth:50px;\nborder-color:#b02b2c;\n}\n<\/style>\n<div  class='hr av-84z0b-ae2b4d5043a740e93dfcbc722ecc8d9d hr-custom  avia-builder-el-2  el_after_av_heading  el_before_av_contact  hr-left hr-icon-no'><span class='hr-inner inner-border-av-border-fat'><span class=\"hr-inner-style\"><\/span><\/span><\/div><br \/>\n<form action=\"https:\/\/cagsangrup.com\/index.php\/cagsan-iletisim-adres\/\" method=\"post\" data-fields-with-error=\"Found errors in the following field(s):\" class=\"avia_ajax_form av-form-labels-visible   avia-builder-el-3  el_after_av_hr  avia-builder-el-last   \" data-avia-form-id=\"1\" data-avia-redirect=''  aria-label='Kontakt Formu' ><fieldset><p class='  first_form  form_element form_element_half' id='element_avia_1_1'><label for=\"avia_1_1\">Ad-Soyad <abbr class=\"required\" title=\"Zorunlu\">*<\/abbr><\/label> <input name=\"avia_1_1\" class=\"text_input is_empty\" type=\"text\" id=\"avia_1_1\" value=\"\" \/><\/p><p class='  form_element form_element_half' id='element_avia_2_1'><label for=\"avia_2_1\">E-Mail <abbr class=\"required\" title=\"Zorunlu\">*<\/abbr><\/label> <input name=\"avia_2_1\" class=\"text_input is_email\" type=\"text\" id=\"avia_2_1\" value=\"\" \/><\/p><p class='  first_form  form_element form_element_half' id='element_avia_3_1'><label for=\"avia_3_1\">Telefon <abbr class=\"required\" title=\"Zorunlu\">*<\/abbr><\/label> <input name=\"avia_3_1\" class=\"text_input is_empty\" type=\"text\" id=\"avia_3_1\" value=\"\" \/><\/p><p class='  form_element form_element_half' id='element_avia_4_1'><label for=\"avia_4_1\">Konu <abbr class=\"required\" title=\"Zorunlu\">*<\/abbr><\/label> <input name=\"avia_4_1\" class=\"text_input is_empty\" type=\"text\" id=\"avia_4_1\" value=\"\" \/><\/p><p class='  first_form  form_element form_fullwidth' id='element_avia_5_1'><label for=\"avia_5_1\" class=\"textare_label hidden textare_label_avia_5_1\">Mesaj\u0131n\u0131z <abbr class=\"required\" title=\"Zorunlu\">*<\/abbr><\/label><textarea  name=\"avia_5_1\" class=\"text_area is_empty\" cols=\"40\" rows=\"7\" id=\"avia_5_1\" ><\/textarea><\/p><p class=\"hidden\"><input type=\"text\" name=\"avia_6_1\" class=\"hidden \" id=\"avia_6_1\" value=\"\" \/><\/p><p class='   form_element form_fullwidth' id='element_avia_7_1'><span class='value_verifier_label'>1 + 3 = ?<\/span><input name=\"avia_7_1_verifier\" type=\"hidden\" id=\"avia_7_1_verifier\" value=\"286421447\"\/><label for=\"avia_7_1\">L\u00fctfen denklemi \u00e7\u00f6zerek insan oldu\u011funuzu kan\u0131tlay\u0131n\u0131z <abbr class=\"required\" title=\"Zorunlu\">*<\/abbr><\/label><input name=\"avia_7_1\" class=\"text_input captcha\" type=\"text\" id=\"avia_7_1\" value=\"\"\/><\/p><p class=\"form_element \"><input type=\"hidden\" value=\"1\" name=\"avia_generated_form1\" \/><input type=\"submit\" value=\"G\u00f6nder\" class=\"button\"  data-sending-label=\"G\u00f6nderiliyor\"\/><\/p><\/fieldset><\/form><div id=\"ajaxresponse_1\" class=\"ajaxresponse ajaxresponse_1 hidden\"><\/div><\/p><\/div>\n<style type=\"text\/css\" data-created_by=\"avia_inline_auto\" id=\"style-css-av-41y3v-4e07d55dbfc8ef2af8bbfe156d82787a\">\n.flex_column.av-41y3v-4e07d55dbfc8ef2af8bbfe156d82787a{\nborder-radius:0px 0px 0px 0px;\npadding:0px 0px 0px 0px;\n}\n<\/style>\n<div  class='flex_column av-41y3v-4e07d55dbfc8ef2af8bbfe156d82787a av_one_third  avia-builder-el-4  el_after_av_two_third  avia-builder-el-last  flex_column_div av-animated-generic bottom-to-top av-zero-column-padding  '     ><p>\n<style type=\"text\/css\" data-created_by=\"avia_inline_auto\" id=\"style-css-av-38hrn-590be60b66ee030696decea6ba7564da\">\n#top .av-special-heading.av-38hrn-590be60b66ee030696decea6ba7564da{\npadding-bottom:0;\n}\nbody .av-special-heading.av-38hrn-590be60b66ee030696decea6ba7564da .av-special-heading-tag .heading-char{\nfont-size:25px;\n}\n.av-special-heading.av-38hrn-590be60b66ee030696decea6ba7564da .av-subheading{\nfont-size:15px;\n}\n<\/style>\n<div  class='av-special-heading av-38hrn-590be60b66ee030696decea6ba7564da av-special-heading-h3 blockquote modern-quote  avia-builder-el-5  el_before_av_hr  avia-builder-el-first '><h3 class='av-special-heading-tag '  itemprop=\"headline\"  >Fabrika<\/h3><div class=\"special-heading-border\"><div class=\"special-heading-inner-border\"><\/div><\/div><\/div><br \/>\n\n<style type=\"text\/css\" data-created_by=\"avia_inline_auto\" id=\"style-css-av-2siov-56c9fcbce6e44a376a839c922d3367d0\">\n#top .hr.av-2siov-56c9fcbce6e44a376a839c922d3367d0{\nmargin-top:10px;\nmargin-bottom:10px;\n}\n.hr.av-2siov-56c9fcbce6e44a376a839c922d3367d0 .hr-inner{\nwidth:50px;\nborder-color:#b02b2c;\n}\n<\/style>\n<div  class='hr av-2siov-56c9fcbce6e44a376a839c922d3367d0 hr-custom  avia-builder-el-6  el_after_av_heading  el_before_av_textblock  hr-left hr-icon-no'><span class='hr-inner inner-border-av-border-fat'><span class=\"hr-inner-style\"><\/span><\/span><\/div><br \/>\n<section  class='av_textblock_section av-q7az-16c7ce0aac02e9cee05b94ea318d4e49 '   itemscope=\"itemscope\" itemtype=\"https:\/\/schema.org\/CreativeWork\" ><div class='avia_textblock'  itemprop=\"text\" ><p><strong>Adres<\/strong><br \/>\nMustafa Kemal Pa\u015fa Mh. Yalova-Bursa yolu Cd.<br \/>\nYaltim \u0130\u015f Merkezi E Blok No:123-5-5<br \/>\nMerkez-Yalova<\/p>\n<p><strong>\u0130leti\u015fim<\/strong><br \/>\ninfo@cagsangrup.com<br \/>\n000-000-00-00<\/p>\n<\/div><\/section><br \/>\n\n<style type=\"text\/css\" data-created_by=\"avia_inline_auto\" id=\"style-css-av-av_hr-012d9b83a346a26a7113ce6107436720\">\n#top .hr.av-av_hr-012d9b83a346a26a7113ce6107436720{\nmargin-top:10px;\nmargin-bottom:10px;\n}\n.hr.av-av_hr-012d9b83a346a26a7113ce6107436720 .hr-inner{\nwidth:50px;\nborder-color:#b02b2c;\n}\n<\/style>\n<div  class='hr av-av_hr-012d9b83a346a26a7113ce6107436720 hr-custom  avia-builder-el-8  el_after_av_textblock  el_before_av_heading  hr-left hr-icon-no'><span class='hr-inner inner-border-av-border-fat'><span class=\"hr-inner-style\"><\/span><\/span><\/div><br \/>\n\n<style type=\"text\/css\" data-created_by=\"avia_inline_auto\" id=\"style-css-av-m1e9xx6y-af81b1ae2e2d504cc08d7ed22e05788e\">\n#top .av-special-heading.av-m1e9xx6y-af81b1ae2e2d504cc08d7ed22e05788e{\npadding-bottom:0;\n}\nbody .av-special-heading.av-m1e9xx6y-af81b1ae2e2d504cc08d7ed22e05788e .av-special-heading-tag .heading-char{\nfont-size:25px;\n}\n.av-special-heading.av-m1e9xx6y-af81b1ae2e2d504cc08d7ed22e05788e .av-subheading{\nfont-size:15px;\n}\n<\/style>\n<div  class='av-special-heading av-m1e9xx6y-af81b1ae2e2d504cc08d7ed22e05788e av-special-heading-h3 blockquote modern-quote  avia-builder-el-9  el_after_av_hr  el_before_av_hr '><h3 class='av-special-heading-tag '  itemprop=\"headline\"  >\u015eube<\/h3><div class=\"special-heading-border\"><div class=\"special-heading-inner-border\"><\/div><\/div><\/div><br \/>\n\n<style type=\"text\/css\" data-created_by=\"avia_inline_auto\" id=\"style-css-av-av_hr-012d9b83a346a26a7113ce6107436720\">\n#top .hr.av-av_hr-012d9b83a346a26a7113ce6107436720{\nmargin-top:10px;\nmargin-bottom:10px;\n}\n.hr.av-av_hr-012d9b83a346a26a7113ce6107436720 .hr-inner{\nwidth:50px;\nborder-color:#b02b2c;\n}\n<\/style>\n<div  class='hr av-av_hr-012d9b83a346a26a7113ce6107436720 hr-custom  avia-builder-el-10  el_after_av_heading  el_before_av_textblock  hr-left hr-icon-no'><span class='hr-inner inner-border-av-border-fat'><span class=\"hr-inner-style\"><\/span><\/span><\/div><br \/>\n<section  class='av_textblock_section av-m1ea35qf-880979cd07e5c1aab84a216ade6b9155 '   itemscope=\"itemscope\" itemtype=\"https:\/\/schema.org\/CreativeWork\" ><div class='avia_textblock'  itemprop=\"text\" ><p><strong>Adres<br \/>\n<\/strong>Mehmet Akif Ersoy Mh. Yonca Sk. No:5<br \/>\n\u00c7iftlikk\u00f6y Yalova<\/p>\n<p><strong>\u0130leti\u015fim<br \/>\n<\/strong>info@cagsangrup.com<br \/>\n000-000-00-00<\/p>\n<\/div><\/section><\/p><\/div><\/p>\n","protected":false},"excerpt":{"rendered":"","protected":false},"author":1,"featured_media":0,"parent":0,"menu_order":0,"comment_status":"closed","ping_status":"closed","template":"","meta":{"footnotes":""},"class_list":["post-23","page","type-page","status-publish","hentry"],"_links":{"self":[{"href":"https:\/\/cagsangrup.com\/index.php\/wp-json\/wp\/v2\/pages\/23","targetHints":{"allow":["GET"]}}],"collection":[{"href":"https:\/\/cagsangrup.com\/index.php\/wp-json\/wp\/v2\/pages"}],"about":[{"href":"https:\/\/cagsangrup.com\/index.php\/wp-json\/wp\/v2\/types\/page"}],"author":[{"embeddable":true,"href":"https:\/\/cagsangrup.com\/index.php\/wp-json\/wp\/v2\/users\/1"}],"replies":[{"embeddable":true,"href":"https:\/\/cagsangrup.com\/index.php\/wp-json\/wp\/v2\/comments?post=23"}],"version-history":[{"count":5,"href":"https:\/\/cagsangrup.com\/index.php\/wp-json\/wp\/v2\/pages\/23\/revisions"}],"predecessor-version":[{"id":382,"href":"https:\/\/cagsangrup.com\/index.php\/wp-json\/wp\/v2\/pages\/23\/revisions\/382"}],"wp:attachment":[{"href":"https:\/\/cagsangrup.com\/index.php\/wp-json\/wp\/v2\/media?parent=23"}],"curies":[{"name":"wp","href":"https:\/\/api.w.org\/{rel}","templated":true}]}}