{"id":237,"date":"2015-10-15T13:48:39","date_gmt":"2015-10-15T13:48:39","guid":{"rendered":"http:\/\/wpoffice\/construction\/?page_id=2"},"modified":"2024-09-23T05:29:17","modified_gmt":"2024-09-23T02:29:17","slug":"projects","status":"publish","type":"page","link":"https:\/\/cagsangrup.com\/index.php\/projects\/","title":{"rendered":"Markalar\u0131m\u0131z"},"content":{"rendered":"<div  id=\"av-sc-portfolio-1\"  class=\"av-portfolio-grid-sorting-container\"><div class='sort_width_container  av-sort-yes' data-portfolio-id='1' ><div id='js_sort_items' ><div class='sort_by_cat hidden'><a href=\"#\" data-filter=\"all_sort\" class=\"all_sort_button active_sort\"><span class=\"inner_sort_button\"><span>T\u00fcm\u00fc<\/span><small class=\"av-cat-count\"> 6 <\/small><\/span><\/a><span class=\"text-sep cagsan-markalari_sort_sep\">\/<\/span><a href=\"#\" data-filter=\"cagsan-markalari_sort\" class=\"cagsan-markalari_sort_button\" ><span class=\"inner_sort_button\"><span>\u00c7a\u011fsan Markalar\u0131<\/span><small class=\"av-cat-count\"> 6 <\/small><\/span><\/a><\/div><\/div><\/div><div  class=' grid-sort-container isotope   no_margin-container with-excerpt-container grid-total-even grid-col-4 grid-links-' data-portfolio-id='1'><div data-ajax-id='627' class=' grid-entry flex_column isotope-item all_sort no_margin post-entry post-entry-627 grid-entry-overview grid-loop-1 grid-parity-odd  cagsan-markalari_sort  av_one_fourth first default_av_fullwidth '><article class='main_color inner-entry'  itemscope=\"itemscope\" itemtype=\"https:\/\/schema.org\/CreativeWork\" ><a href=\"https:\/\/cagsangrup.com\/index.php\/portfolio-item\/cagsan-salenka-tuz-2\/\" title='Salta Stone Salt'  data-rel='grid-1' class='grid-image avia-hover-fx'> <img decoding=\"async\" fetchpriority=\"high\" width=\"711\" height=\"376\" src=\"https:\/\/cagsangrup.com\/wp-content\/uploads\/2025\/02\/cagsan-salta-salt-logo.jpeg\" class=\"wp-image-631 avia-img-lazy-loading-not-631 attachment-featured_large size-featured_large wp-post-image\" alt=\"\" srcset=\"https:\/\/cagsangrup.com\/wp-content\/uploads\/2025\/02\/cagsan-salta-salt-logo.jpeg 711w, https:\/\/cagsangrup.com\/wp-content\/uploads\/2025\/02\/cagsan-salta-salt-logo-300x159.jpeg 300w, https:\/\/cagsangrup.com\/wp-content\/uploads\/2025\/02\/cagsan-salta-salt-logo-705x373.jpeg 705w\" sizes=\"(max-width: 711px) 100vw, 711px\" \/><\/a><div class='grid-content'><div class='avia-arrow'><\/div><header class=\"entry-content-header\" aria-label=\"Portfolio: Salta Stone Salt\"><h3 class='grid-entry-title entry-title '  itemprop=\"headline\" ><a href='https:\/\/cagsangrup.com\/index.php\/portfolio-item\/cagsan-salenka-tuz-2\/' title='Salta Stone Salt'>Salta Stone Salt<\/a><\/h3><\/header><div class='grid-entry-excerpt entry-content'  itemprop=\"text\" >Geleneksel Lezzet<\/div><\/div><footer class=\"entry-footer\"><\/footer><\/article><\/div><div data-ajax-id='239' class=' grid-entry flex_column isotope-item all_sort no_margin post-entry post-entry-239 grid-entry-overview grid-loop-2 grid-parity-even  cagsan-markalari_sort  av_one_fourth  default_av_fullwidth '><article class='main_color inner-entry'  itemscope=\"itemscope\" itemtype=\"https:\/\/schema.org\/CreativeWork\" ><a href=\"https:\/\/cagsangrup.com\/index.php\/portfolio-item\/cagsan-salenka-tuz\/\" title='Salenka Tuz'  data-rel='grid-1' class='grid-image avia-hover-fx'> <img decoding=\"async\" fetchpriority=\"high\" width=\"710\" height=\"375\" src=\"https:\/\/cagsangrup.com\/wp-content\/uploads\/2015\/10\/cagsan-salenka-logo-min.jpg\" class=\"wp-image-335 avia-img-lazy-loading-not-335 attachment-featured_large size-featured_large wp-post-image\" alt=\"\" srcset=\"https:\/\/cagsangrup.com\/wp-content\/uploads\/2015\/10\/cagsan-salenka-logo-min.jpg 710w, https:\/\/cagsangrup.com\/wp-content\/uploads\/2015\/10\/cagsan-salenka-logo-min-300x158.jpg 300w, https:\/\/cagsangrup.com\/wp-content\/uploads\/2015\/10\/cagsan-salenka-logo-min-705x372.jpg 705w\" sizes=\"(max-width: 710px) 100vw, 710px\" \/><\/a><div class='grid-content'><div class='avia-arrow'><\/div><header class=\"entry-content-header\" aria-label=\"Portfolio: Salenka Tuz\"><h3 class='grid-entry-title entry-title '  itemprop=\"headline\" ><a href='https:\/\/cagsangrup.com\/index.php\/portfolio-item\/cagsan-salenka-tuz\/' title='Salenka Tuz'>Salenka Tuz<\/a><\/h3><\/header><div class='grid-entry-excerpt entry-content'  itemprop=\"text\" >Ya\u015fam\u0131n S\u0131rr\u0131<\/div><\/div><footer class=\"entry-footer\"><\/footer><\/article><\/div><div data-ajax-id='238' class=' grid-entry flex_column isotope-item all_sort no_margin post-entry post-entry-238 grid-entry-overview grid-loop-3 grid-parity-odd  cagsan-markalari_sort  av_one_fourth  default_av_fullwidth '><article class='main_color inner-entry'  itemscope=\"itemscope\" itemtype=\"https:\/\/schema.org\/CreativeWork\" ><a href=\"https:\/\/cagsangrup.com\/index.php\/portfolio-item\/cagsan-sev-al-tuz\/\" title='Sev-al Tuz'  data-rel='grid-1' class='grid-image avia-hover-fx'> <img decoding=\"async\" fetchpriority=\"high\" width=\"711\" height=\"376\" src=\"https:\/\/cagsangrup.com\/wp-content\/uploads\/2015\/10\/cagsan-seval-logo-min.jpg\" class=\"wp-image-344 avia-img-lazy-loading-not-344 attachment-featured_large size-featured_large wp-post-image\" alt=\"\" srcset=\"https:\/\/cagsangrup.com\/wp-content\/uploads\/2015\/10\/cagsan-seval-logo-min.jpg 711w, https:\/\/cagsangrup.com\/wp-content\/uploads\/2015\/10\/cagsan-seval-logo-min-300x159.jpg 300w, https:\/\/cagsangrup.com\/wp-content\/uploads\/2015\/10\/cagsan-seval-logo-min-705x373.jpg 705w\" sizes=\"(max-width: 711px) 100vw, 711px\" \/><\/a><div class='grid-content'><div class='avia-arrow'><\/div><header class=\"entry-content-header\" aria-label=\"Portfolio: Sev-al Tuz\"><h3 class='grid-entry-title entry-title '  itemprop=\"headline\" ><a href='https:\/\/cagsangrup.com\/index.php\/portfolio-item\/cagsan-sev-al-tuz\/' title='Sev-al Tuz'>Sev-al Tuz<\/a><\/h3><\/header><div class='grid-entry-excerpt entry-content'  itemprop=\"text\" >Bildi\u011finiz Tat<\/div><\/div><footer class=\"entry-footer\"><\/footer><\/article><\/div><div data-ajax-id='106' class=' grid-entry flex_column isotope-item all_sort no_margin post-entry post-entry-106 grid-entry-overview grid-loop-4 grid-parity-even  cagsan-markalari_sort  av_one_fourth  default_av_fullwidth '><article class='main_color inner-entry'  itemscope=\"itemscope\" itemtype=\"https:\/\/schema.org\/CreativeWork\" ><a href=\"https:\/\/cagsangrup.com\/index.php\/portfolio-item\/cagsan-bitinya\/\" title='Bitinya'  data-rel='grid-1' class='grid-image avia-hover-fx'> <img decoding=\"async\" fetchpriority=\"high\" width=\"711\" height=\"376\" src=\"https:\/\/cagsangrup.com\/wp-content\/uploads\/2015\/10\/cagsan-bitinya-logo-min.jpg\" class=\"wp-image-341 avia-img-lazy-loading-not-341 attachment-featured_large size-featured_large wp-post-image\" alt=\"\" srcset=\"https:\/\/cagsangrup.com\/wp-content\/uploads\/2015\/10\/cagsan-bitinya-logo-min.jpg 711w, https:\/\/cagsangrup.com\/wp-content\/uploads\/2015\/10\/cagsan-bitinya-logo-min-300x159.jpg 300w, https:\/\/cagsangrup.com\/wp-content\/uploads\/2015\/10\/cagsan-bitinya-logo-min-705x373.jpg 705w\" sizes=\"(max-width: 711px) 100vw, 711px\" \/><\/a><div class='grid-content'><div class='avia-arrow'><\/div><header class=\"entry-content-header\" aria-label=\"Portfolio: Bitinya\"><h3 class='grid-entry-title entry-title '  itemprop=\"headline\" ><a href='https:\/\/cagsangrup.com\/index.php\/portfolio-item\/cagsan-bitinya\/' title='Bitinya'>Bitinya<\/a><\/h3><\/header><div class='grid-entry-excerpt entry-content'  itemprop=\"text\" >Sa\u011fl\u0131k ve G\u00fczellik<\/div><\/div><footer class=\"entry-footer\"><\/footer><\/article><\/div><div data-ajax-id='105' class=' grid-entry flex_column isotope-item all_sort no_margin post-entry post-entry-105 grid-entry-overview grid-loop-5 grid-parity-odd  cagsan-markalari_sort  av_one_fourth first default_av_fullwidth '><article class='main_color inner-entry'  itemscope=\"itemscope\" itemtype=\"https:\/\/schema.org\/CreativeWork\" ><a href=\"https:\/\/cagsangrup.com\/index.php\/portfolio-item\/cagsan-salez-tuz\/\" title='Salez Tuz'  data-rel='grid-1' class='grid-image avia-hover-fx'> <img decoding=\"async\" fetchpriority=\"high\" width=\"711\" height=\"376\" src=\"https:\/\/cagsangrup.com\/wp-content\/uploads\/2015\/10\/cagsan-salez-logo-3jpg.jpg\" class=\"wp-image-351 avia-img-lazy-loading-not-351 attachment-featured_large size-featured_large wp-post-image\" alt=\"\" srcset=\"https:\/\/cagsangrup.com\/wp-content\/uploads\/2015\/10\/cagsan-salez-logo-3jpg.jpg 711w, https:\/\/cagsangrup.com\/wp-content\/uploads\/2015\/10\/cagsan-salez-logo-3jpg-300x159.jpg 300w, https:\/\/cagsangrup.com\/wp-content\/uploads\/2015\/10\/cagsan-salez-logo-3jpg-705x373.jpg 705w\" sizes=\"(max-width: 711px) 100vw, 711px\" \/><\/a><div class='grid-content'><div class='avia-arrow'><\/div><header class=\"entry-content-header\" aria-label=\"Portfolio: Salez Tuz\"><h3 class='grid-entry-title entry-title '  itemprop=\"headline\" ><a href='https:\/\/cagsangrup.com\/index.php\/portfolio-item\/cagsan-salez-tuz\/' title='Salez Tuz'>Salez Tuz<\/a><\/h3><\/header><div class='grid-entry-excerpt entry-content'  itemprop=\"text\" >Do\u011fal Kaya Tuzu<\/div><\/div><footer class=\"entry-footer\"><\/footer><\/article><\/div><div data-ajax-id='103' class=' grid-entry flex_column isotope-item all_sort no_margin post-entry post-entry-103 grid-entry-overview grid-loop-6 grid-parity-even  post-entry-last  cagsan-markalari_sort  av_one_fourth  default_av_fullwidth '><article class='main_color inner-entry'  itemscope=\"itemscope\" itemtype=\"https:\/\/schema.org\/CreativeWork\" ><a href=\"https:\/\/cagsangrup.com\/index.php\/portfolio-item\/cagsan-salta-stone\/\" title='Salto Stone'  data-rel='grid-1' class='grid-image avia-hover-fx'> <img decoding=\"async\" fetchpriority=\"high\" width=\"711\" height=\"376\" src=\"https:\/\/cagsangrup.com\/wp-content\/uploads\/2015\/10\/cagsan-salto-stone-logo-min.jpg\" class=\"wp-image-343 avia-img-lazy-loading-not-343 attachment-featured_large size-featured_large wp-post-image\" alt=\"\" srcset=\"https:\/\/cagsangrup.com\/wp-content\/uploads\/2015\/10\/cagsan-salto-stone-logo-min.jpg 711w, https:\/\/cagsangrup.com\/wp-content\/uploads\/2015\/10\/cagsan-salto-stone-logo-min-300x159.jpg 300w, https:\/\/cagsangrup.com\/wp-content\/uploads\/2015\/10\/cagsan-salto-stone-logo-min-705x373.jpg 705w\" sizes=\"(max-width: 711px) 100vw, 711px\" \/><\/a><div class='grid-content'><div class='avia-arrow'><\/div><header class=\"entry-content-header\" aria-label=\"Portfolio: Salto Stone\"><h3 class='grid-entry-title entry-title '  itemprop=\"headline\" ><a href='https:\/\/cagsangrup.com\/index.php\/portfolio-item\/cagsan-salta-stone\/' title='Salto Stone'>Salto Stone<\/a><\/h3><\/header><div class='grid-entry-excerpt entry-content'  itemprop=\"text\" >Dekorasyon<\/div><\/div><footer class=\"entry-footer\"><\/footer><\/article><\/div><\/div><\/div>   <!--   class=\"av-portfolio-grid-sorting-container\"  -->\n","protected":false},"excerpt":{"rendered":"","protected":false},"author":1,"featured_media":0,"parent":0,"menu_order":0,"comment_status":"closed","ping_status":"closed","template":"","meta":{"footnotes":""},"class_list":["post-237","page","type-page","status-publish","hentry"],"_links":{"self":[{"href":"https:\/\/cagsangrup.com\/index.php\/wp-json\/wp\/v2\/pages\/237","targetHints":{"allow":["GET"]}}],"collection":[{"href":"https:\/\/cagsangrup.com\/index.php\/wp-json\/wp\/v2\/pages"}],"about":[{"href":"https:\/\/cagsangrup.com\/index.php\/wp-json\/wp\/v2\/types\/page"}],"author":[{"embeddable":true,"href":"https:\/\/cagsangrup.com\/index.php\/wp-json\/wp\/v2\/users\/1"}],"replies":[{"embeddable":true,"href":"https:\/\/cagsangrup.com\/index.php\/wp-json\/wp\/v2\/comments?post=237"}],"version-history":[{"count":4,"href":"https:\/\/cagsangrup.com\/index.php\/wp-json\/wp\/v2\/pages\/237\/revisions"}],"predecessor-version":[{"id":466,"href":"https:\/\/cagsangrup.com\/index.php\/wp-json\/wp\/v2\/pages\/237\/revisions\/466"}],"wp:attachment":[{"href":"https:\/\/cagsangrup.com\/index.php\/wp-json\/wp\/v2\/media?parent=237"}],"curies":[{"name":"wp","href":"https:\/\/api.w.org\/{rel}","templated":true}]}}